{"id":601,"date":"2020-03-03T09:53:30","date_gmt":"2020-03-03T08:53:30","guid":{"rendered":"http:\/\/visiovivendi.eu\/datenschutz\/"},"modified":"2020-08-13T13:23:19","modified_gmt":"2020-08-13T11:23:19","slug":"datenschutz","status":"publish","type":"page","link":"http:\/\/visiovivendi.eu\/es\/datenschutz\/","title":{"rendered":"Protecci\u00f3n de Datos"},"content":{"rendered":"\n<h3>Protecci\u00f3n de Datos<\/h3>\n\n\n\n<p>De acuerdo con lo establecido por la Ley Org\u00e1nica 15\/1999, de 13 de diciembre, de Protecci\u00f3n de Datos de Car\u00e1cter Personal (LOPD), Le comunicamos que para darse de alta en nuestro formulario de solicitud de informaci\u00f3n se le solicitan datos necesarios para realizar dicha gesti\u00f3n por lo que el cliente\/usuario queda informado y presta su consentimiento a la incorporaci\u00f3n de sus datos a un fichero del que es responsable, y que ha sido debidamente inscrito en la Agencia Espa\u00f1ola de Protecci\u00f3n de Datos con la finalidad de informarle sobre los productos y servicios solicitados y el env\u00edo de comunicaciones comerciales sobre los mismos, con todas las garant\u00edas legales y de seguridad que impone la Ley Org\u00e1nica 15\/1999, de 13 de diciembre, de Protecci\u00f3n de Datos de Car\u00e1cter Personal, el Real Decreto 1720\/2007, de 21 de diciembre y la Ley 34\/2002, de 11 de julio, de Servicios de la Sociedad de la Informaci\u00f3n y Comercio Electr\u00f3nico.<\/p>\n\n\n\n<p>Le informamos tambi\u00e9n sobre sus derechos de acceso, rectificaci\u00f3n, cancelaci\u00f3n y oposici\u00f3n, que podr\u00e1 ejercer en el domicilio social de www.visiovivendi.eu sito en C\/ Marqu\u00e9s de Campo, 46, 3\u00ba, 6, 03700 D\u00e9nia (Alicante), Espa\u00f1a.<\/p>\n\n\n\n<p>www.visiovivendi.eu se compromete a no ceder, vender, ni compartir los datos con terceros sin su aprobaci\u00f3n expresa.<\/p>\n\n\n\n<p>Asimismo, de www.visiovivendi.eu cancelar\u00e1 o rectificar\u00e1 los datos cuando resulten inexactos, incompletos o hayan dejado de ser necesarios o pertinentes para su finalidad, de conformidad con lo previsto en la Ley Org\u00e1nica 15\/1999, de 13 de diciembre, de Protecci\u00f3n de Datos de Car\u00e1cter Personal.<\/p>\n\n\n\n<p>www.visiovivendi.eu adopta los niveles de seguridad correspondientes requeridos por la citada Ley Org\u00e1nica 15\/1999 y dem\u00e1s normativa aplicable. No obstante, no asume ninguna responsabilidad por los da\u00f1os y perjuicios derivados de alteraciones que terceros pueden causar en los sistemas inform\u00e1ticos, documentos electr\u00f3nicos o ficheros del usuario.<\/p>\n\n\n\n<p>Si opta a abandonar nuestro sitio web a trav\u00e9s de enlaces a sitios web no pertenecientes a nuestra entidad, www.visiovivendi.eu no se har\u00e1 responsable de las pol\u00edticas de privacidad de dichos sitios web ni de las cookies que \u00e9stos puedan almacenar en el ordenador del usuario.<\/p>\n\n\n\n<p>Nuestra pol\u00edtica con respecto al correo electr\u00f3nico se centra en remitir \u00fanicamente comunicaciones que usted haya solicitado recibir.<\/p>\n\n\n\n<p>Si prefiere no recibir estos mensajes por correo electr\u00f3nico le ofreceremos a trav\u00e9s de estos la posibilidad de ejercer su derecho de cancelaci\u00f3n y renuncia a la recepci\u00f3n de estos mensajes, en conformidad con lo dispuesto en el T\u00edtulo III, art\u00edculo 22 de la Ley 34\/2002 de Servicios para la Sociedad de la Informaci\u00f3n y de Comercio Electr\u00f3nico.<\/p>\n\n\n\n<p>Para toda cuesti\u00f3n litigiosa que incumba al sitio web de www.visiovivendi.eu, ser\u00e1 de aplicaci\u00f3n la legislaci\u00f3n espa\u00f1ola, siendo competentes los Juzgados y Tribunales de D\u00e9nia.<\/p>\n","protected":false},"excerpt":{"rendered":"<p>Protecci\u00f3n de Datos De acuerdo con lo establecido por la Ley Org\u00e1nica 15\/1999, de 13 de diciembre, de Protecci\u00f3n de Datos de Car\u00e1cter Personal (LOPD), Le comunicamos que para darse de alta en nuestro formulario de solicitud de informaci\u00f3n se le solicitan datos necesarios para realizar dicha gesti\u00f3n por lo que el cliente\/usuario queda informado [&hellip;]<\/p>\n","protected":false},"author":1,"featured_media":0,"parent":0,"menu_order":1000,"comment_status":"closed","ping_status":"closed","template":"","meta":[],"_links":{"self":[{"href":"http:\/\/visiovivendi.eu\/es\/wp-json\/wp\/v2\/pages\/601"}],"collection":[{"href":"http:\/\/visiovivendi.eu\/es\/wp-json\/wp\/v2\/pages"}],"about":[{"href":"http:\/\/visiovivendi.eu\/es\/wp-json\/wp\/v2\/types\/page"}],"author":[{"embeddable":true,"href":"http:\/\/visiovivendi.eu\/es\/wp-json\/wp\/v2\/users\/1"}],"replies":[{"embeddable":true,"href":"http:\/\/visiovivendi.eu\/es\/wp-json\/wp\/v2\/comments?post=601"}],"version-history":[{"count":7,"href":"http:\/\/visiovivendi.eu\/es\/wp-json\/wp\/v2\/pages\/601\/revisions"}],"predecessor-version":[{"id":737,"href":"http:\/\/visiovivendi.eu\/es\/wp-json\/wp\/v2\/pages\/601\/revisions\/737"}],"wp:attachment":[{"href":"http:\/\/visiovivendi.eu\/es\/wp-json\/wp\/v2\/media?parent=601"}],"curies":[{"name":"wp","href":"https:\/\/api.w.org\/{rel}","templated":true}]}}