{"id":599,"date":"2020-03-03T09:56:24","date_gmt":"2020-03-03T08:56:24","guid":{"rendered":"http:\/\/visiovivendi.eu\/impressum\/"},"modified":"2020-07-17T09:44:19","modified_gmt":"2020-07-17T07:44:19","slug":"impressum","status":"publish","type":"page","link":"http:\/\/visiovivendi.eu\/es\/impressum\/","title":{"rendered":"Aviso Legal"},"content":{"rendered":"\n<h3>Aviso Legal<\/h3>\n\n<p><strong>Vehse Recht &amp; Steuern S.L.&#13;\n<\/strong>inscrita en el registro mercantil de Alicante&#13;\ncon sede en 03700 D\u00e9nia&#13;\nC\/ Marqu\u00e9s de Campo, 46, 3\u00ba, 6&#13;\n<strong>CIF:<\/strong> B54694542<\/p>\n\n<p><strong>Tel.: <\/strong>(+34) 965 788 084&#13;\n<strong>EMail:<\/strong> info@vehse.es<\/p>\n\n<p><strong>Gerente:<\/strong> Janette Vehse<\/p>\n\n<p>Vehse Recht &amp; Steuern se reserva el derecho de publicar el correo de los usuarios &#8211; con la direcci\u00f3n completa\/direcci\u00f3n de correo electr\u00f3nico &#8211; tambi\u00e9n en forma abreviada. Si el remitente no est\u00e1 de acuerdo con una publicaci\u00f3n, tiene que anunciarlo. Vehse Recht &amp; Steuern no se hace responsable del contenido de los enlaces externos.<\/p>\n","protected":false},"excerpt":{"rendered":"<p>Aviso Legal Vehse Recht &amp; Steuern S.L.&#13; inscrita en el registro mercantil de Alicante&#13; con sede en 03700 D\u00e9nia&#13; C\/ Marqu\u00e9s de Campo, 46, 3\u00ba, 6&#13; CIF: B54694542 Tel.: (+34) 965 788 084&#13; EMail: info@vehse.es Gerente: Janette Vehse Vehse Recht &amp; Steuern se reserva el derecho de publicar el correo de los usuarios &#8211; con [&hellip;]<\/p>\n","protected":false},"author":1,"featured_media":0,"parent":0,"menu_order":1001,"comment_status":"closed","ping_status":"closed","template":"","meta":[],"_links":{"self":[{"href":"http:\/\/visiovivendi.eu\/es\/wp-json\/wp\/v2\/pages\/599"}],"collection":[{"href":"http:\/\/visiovivendi.eu\/es\/wp-json\/wp\/v2\/pages"}],"about":[{"href":"http:\/\/visiovivendi.eu\/es\/wp-json\/wp\/v2\/types\/page"}],"author":[{"embeddable":true,"href":"http:\/\/visiovivendi.eu\/es\/wp-json\/wp\/v2\/users\/1"}],"replies":[{"embeddable":true,"href":"http:\/\/visiovivendi.eu\/es\/wp-json\/wp\/v2\/comments?post=599"}],"version-history":[{"count":6,"href":"http:\/\/visiovivendi.eu\/es\/wp-json\/wp\/v2\/pages\/599\/revisions"}],"predecessor-version":[{"id":718,"href":"http:\/\/visiovivendi.eu\/es\/wp-json\/wp\/v2\/pages\/599\/revisions\/718"}],"wp:attachment":[{"href":"http:\/\/visiovivendi.eu\/es\/wp-json\/wp\/v2\/media?parent=599"}],"curies":[{"name":"wp","href":"https:\/\/api.w.org\/{rel}","templated":true}]}}