{"id":560,"date":"2020-07-08T17:38:26","date_gmt":"2020-07-08T15:38:26","guid":{"rendered":"http:\/\/visiovivendi.eu\/proyectos\/"},"modified":"2020-07-17T09:14:49","modified_gmt":"2020-07-17T07:14:49","slug":"proyectos","status":"publish","type":"page","link":"http:\/\/visiovivendi.eu\/es\/proyectos\/","title":{"rendered":"Proyectos"},"content":{"rendered":"\t\t<div data-elementor-type=\"wp-page\" data-elementor-id=\"560\" class=\"elementor elementor-560 elementor-251\">\n\t\t\t\t\t\t<div class=\"elementor-inner\">\n\t\t\t\t<div class=\"elementor-section-wrap\">\n\t\t\t\t\t\t\t\t\t<section class=\"elementor-section elementor-top-section elementor-element elementor-element-3af0c20 elementor-section-full_width rt-el-parallax-background elementor-section-height-default elementor-section-height-default default-style\" data-id=\"3af0c20\" data-element_type=\"section\" data-settings=\"{&quot;background_background&quot;:&quot;classic&quot;,&quot;rt_parallax&quot;:&quot;rt-el-parallax-background&quot;,&quot;shape_divider_top&quot;:&quot;opacity-tilt&quot;,&quot;shape_divider_bottom&quot;:&quot;opacity-tilt&quot;,&quot;animation&quot;:&quot;none&quot;,&quot;rt_color_sets&quot;:&quot;default-style&quot;,&quot;rt_bg_parallax_effect&quot;:&quot;3&quot;,&quot;rt_bg_parallax_speed&quot;:&quot;1&quot;}\">\n\t\t\t\t\t\t\t<div class=\"elementor-background-overlay\"><\/div>\n\t\t\t\t\t\t<div class=\"elementor-shape elementor-shape-top\" data-negative=\"false\">\n\t\t\t<svg xmlns=\"http:\/\/www.w3.org\/2000\/svg\" viewBox=\"0 0 2600 131.1\" preserveAspectRatio=\"none\">\n\t<path class=\"elementor-shape-fill\" d=\"M0 0L2600 0 2600 69.1 0 0z\"\/>\n\t<path class=\"elementor-shape-fill\" style=\"opacity:0.5\" d=\"M0 0L2600 0 2600 69.1 0 69.1z\"\/>\n\t<path class=\"elementor-shape-fill\" style=\"opacity:0.25\" d=\"M2600 0L0 0 0 130.1 2600 69.1z\"\/>\n<\/svg>\t\t<\/div>\n\t\t\t\t<div class=\"elementor-shape elementor-shape-bottom\" data-negative=\"false\">\n\t\t\t<svg xmlns=\"http:\/\/www.w3.org\/2000\/svg\" viewBox=\"0 0 2600 131.1\" preserveAspectRatio=\"none\">\n\t<path class=\"elementor-shape-fill\" d=\"M0 0L2600 0 2600 69.1 0 0z\"\/>\n\t<path class=\"elementor-shape-fill\" style=\"opacity:0.5\" d=\"M0 0L2600 0 2600 69.1 0 69.1z\"\/>\n\t<path class=\"elementor-shape-fill\" style=\"opacity:0.25\" d=\"M2600 0L0 0 0 130.1 2600 69.1z\"\/>\n<\/svg>\t\t<\/div>\n\t\t\t\t\t<div class=\"elementor-container elementor-column-gap-default\">\n\t\t\t\t\t\t\t<div class=\"elementor-row\">\n\t\t\t\t\t<div class=\"elementor-column elementor-col-100 elementor-top-column elementor-element elementor-element-e580579\" data-id=\"e580579\" data-element_type=\"column\">\n\t\t\t<div class=\"elementor-column-wrap elementor-element-populated\">\n\t\t\t\t\t\t\t<div class=\"elementor-widget-wrap\">\n\t\t\t\t\t\t<section class=\"elementor-section elementor-inner-section elementor-element elementor-element-856f9e4 elementor-section-boxed elementor-section-height-default elementor-section-height-default default-style\" data-id=\"856f9e4\" data-element_type=\"section\" data-settings=\"{&quot;rt_color_sets&quot;:&quot;default-style&quot;}\">\n\t\t\t\t\t\t<div class=\"elementor-container elementor-column-gap-default\">\n\t\t\t\t\t\t\t<div class=\"elementor-row\">\n\t\t\t\t\t<div class=\"elementor-column elementor-col-50 elementor-inner-column elementor-element elementor-element-85a410b\" data-id=\"85a410b\" data-element_type=\"column\">\n\t\t\t<div class=\"elementor-column-wrap elementor-element-populated\">\n\t\t\t\t\t\t\t<div class=\"elementor-widget-wrap\">\n\t\t\t\t\t\t<div class=\"elementor-element elementor-element-a845f14 elementor-widget elementor-widget-heading\" data-id=\"a845f14\" data-element_type=\"widget\" data-widget_type=\"heading.default\">\n\t\t\t\t<div class=\"elementor-widget-container\">\n\t\t\t<h1 class=\"elementor-heading-title elementor-size-default\">Proyectos innovadores<\/h1>\t\t<\/div>\n\t\t\t\t<\/div>\n\t\t\t\t<div class=\"elementor-element elementor-element-53a4ae2 elementor-widget elementor-widget-heading\" data-id=\"53a4ae2\" data-element_type=\"widget\" data-widget_type=\"heading.default\">\n\t\t\t\t<div class=\"elementor-widget-container\">\n\t\t\t<h5 class=\"elementor-heading-title elementor-size-default\">Sostenibilidad, espacios abiertos, nuevas soluciones lejos de lo antiguado \u2013 siempre en combinaci\u00f3n con una larga experiencia y alto conocimiento en la construcci\u00f3n. <\/h5>\t\t<\/div>\n\t\t\t\t<\/div>\n\t\t\t\t\t\t<\/div>\n\t\t\t\t\t<\/div>\n\t\t<\/div>\n\t\t\t\t<div class=\"elementor-column elementor-col-50 elementor-inner-column elementor-element elementor-element-314e12d\" data-id=\"314e12d\" data-element_type=\"column\">\n\t\t\t<div class=\"elementor-column-wrap\">\n\t\t\t\t\t\t\t<div class=\"elementor-widget-wrap\">\n\t\t\t\t\t\t\t\t<\/div>\n\t\t\t\t\t<\/div>\n\t\t<\/div>\n\t\t\t\t\t\t\t\t<\/div>\n\t\t\t\t\t<\/div>\n\t\t<\/section>\n\t\t\t\t\t\t<\/div>\n\t\t\t\t\t<\/div>\n\t\t<\/div>\n\t\t\t\t\t\t\t\t<\/div>\n\t\t\t\t\t<\/div>\n\t\t<\/section>\n\t\t\t\t<section class=\"elementor-section elementor-top-section elementor-element elementor-element-6754837 elementor-section-boxed elementor-section-height-default elementor-section-height-default default-style\" data-id=\"6754837\" data-element_type=\"section\" data-settings=\"{&quot;rt_color_sets&quot;:&quot;default-style&quot;}\">\n\t\t\t\t\t\t<div class=\"elementor-container elementor-column-gap-default\">\n\t\t\t\t\t\t\t<div class=\"elementor-row\">\n\t\t\t\t\t<div class=\"elementor-column elementor-col-100 elementor-top-column elementor-element elementor-element-08ab443\" data-id=\"08ab443\" data-element_type=\"column\">\n\t\t\t<div class=\"elementor-column-wrap elementor-element-populated\">\n\t\t\t\t\t\t\t<div class=\"elementor-widget-wrap\">\n\t\t\t\t\t\t<div class=\"elementor-element elementor-element-9a1075e elementor-widget elementor-widget-rt-portfolio\" data-id=\"9a1075e\" data-element_type=\"widget\" data-settings=\"{&quot;_animation&quot;:&quot;none&quot;}\" data-widget_type=\"rt-portfolio.default\">\n\t\t\t\t<div class=\"elementor-widget-container\">\n\t\t\t\n<div id=\"portfolio-dynamicID-914871\" class=\"portfolio_list rt-gallery fixed_heights grid-gallery\" data-column-width=\"2\">\n<div class=\"row fixed_heights\">\n<div class=\"col col-12 col-sm-6   portfolio-26\">\n \n\n<!-- portfolio box-->\n<div class=\"loop style-2 hover-1 image post-681 portfolio type-portfolio status-publish has-post-thumbnail hentry portfolio_categories-proyectos\" id=\"portfolio-681\">\n\n\t<div class=\"portfolio-loop-item-wrapper\">\n\t\t\n\n\t\t\t\t\t\t<figure class=\"image-thumbnail\">\n\t\t\t\t\t\t\t<a href=\"http:\/\/visiovivendi.eu\/es\/portfolio\/lofthouse-javea\/\" target=\"_self\" title=\"Lofthouse Javea\"><img decoding=\"async\"  src=\"http:\/\/visiovivendi.eu\/wp-content\/uploads\/2020\/06\/Loft_House_Cover.jpg\" alt=\"\" class=\"\" \/><\/a>\n\t\t\t\t\t\t<\/figure>\n\n\t\t\t\t\t\t<div class=\"visible-title-wrapper\">\n\t\t\t\t\t\t\t<h2 class=\"title visible-title\">Lofthouse Javea<\/h2>\n\t\t\t\t\t\t<\/div>\n\n\t\t\t\t\t\t<div class=\"overlay\">\n\n\t\t\t\t\t\t\t<section class=\"text\">\n\t\t\t\t\t\t\t\t<h2 class=\"title\"><a href=\"http:\/\/visiovivendi.eu\/es\/portfolio\/lofthouse-javea\/\" target=\"_self\" rel=\"bookmark\">Lofthouse Javea<\/a><\/h2>\n\t\t\t\t\t\t\t\t<span class=\"terms\"><a href=\"http:\/\/visiovivendi.eu\/es\/categoria-portfolio\/proyectos\/\" rel=\"tag\">Proyectos<\/a><\/span>\n\t\t\t\t\t\t\t\t<p>El proyecto m\u00e1s innovador de Visio Vivendi se llama \u201eLofthouse Javea\u201c. \u00bfResidir en una antigua f\u00e1brica, decorada a lo m\u00e1s chic? Aqu\u00ed, en Lofthouse Javea, el bohemio encuentra sus sue\u00f1os cumplidos: La fusi\u00f3n de comfort y est\u00e9tica.<\/p>\t\t\t\n\t\t\t\t\t\t\t<\/section> \t\n\n\t\t\t\t\t\t\t<a class=\"portfolio-link\" href=\"http:\/\/visiovivendi.eu\/es\/portfolio\/lofthouse-javea\/\" target=\"_self\"><\/a>\n\n\t\t\t\t\t\t<\/div>\n\n\t\t\t\t\t\t<\/div>\n<\/div> \n<!-- \/ portfolio box-->\n<\/div>\n<div class=\"col col-12 col-sm-6   portfolio-26\">\n \n\n<!-- portfolio box-->\n<div class=\"loop style-2 hover-1 image post-685 portfolio type-portfolio status-publish has-post-thumbnail hentry portfolio_categories-proyectos\" id=\"portfolio-685\">\n\n\t<div class=\"portfolio-loop-item-wrapper\">\n\t\t\n\n\t\t\t\t\t\t<figure class=\"image-thumbnail\">\n\t\t\t\t\t\t\t<a href=\"http:\/\/visiovivendi.eu\/es\/portfolio\/vivienda-unifamiliar-javea\/\" target=\"_self\" title=\"Vivienda unifamiliar J\u00e1vea\"><img decoding=\"async\"  src=\"http:\/\/visiovivendi.eu\/wp-content\/uploads\/2020\/06\/einfamilienhaus_javea_cover.jpg\" alt=\"\" class=\"\" \/><\/a>\n\t\t\t\t\t\t<\/figure>\n\n\t\t\t\t\t\t<div class=\"visible-title-wrapper\">\n\t\t\t\t\t\t\t<h2 class=\"title visible-title\">Vivienda unifamiliar J\u00e1vea<\/h2>\n\t\t\t\t\t\t<\/div>\n\n\t\t\t\t\t\t<div class=\"overlay\">\n\n\t\t\t\t\t\t\t<section class=\"text\">\n\t\t\t\t\t\t\t\t<h2 class=\"title\"><a href=\"http:\/\/visiovivendi.eu\/es\/portfolio\/vivienda-unifamiliar-javea\/\" target=\"_self\" rel=\"bookmark\">Vivienda unifamiliar J\u00e1vea<\/a><\/h2>\n\t\t\t\t\t\t\t\t<span class=\"terms\"><a href=\"http:\/\/visiovivendi.eu\/es\/categoria-portfolio\/proyectos\/\" rel=\"tag\">Proyectos<\/a><\/span>\n\t\t\t\t\t\t\t\t<p>Materiales naturales, espacios ba\u00f1ados en la luz mediterr\u00e1nea, un patio verde - en esta vivienda los sentidos se confunden. \u00bfEstoy dentro de casa o fuera? Jugar con los sentidos en un entorno de altas calidades, eso es lo que hace esta casa especial.<\/p>\t\t\t\n\t\t\t\t\t\t\t<\/section> \t\n\n\t\t\t\t\t\t\t<a class=\"portfolio-link\" href=\"http:\/\/visiovivendi.eu\/es\/portfolio\/vivienda-unifamiliar-javea\/\" target=\"_self\"><\/a>\n\n\t\t\t\t\t\t<\/div>\n\n\t\t\t\t\t\t<\/div>\n<\/div> \n<!-- \/ portfolio box-->\n<\/div>\n<\/div>\n<div class=\"row fixed_heights\">\n<div class=\"col col-12 col-sm-6   portfolio-26\">\n \n\n<!-- portfolio box-->\n<div class=\"loop style-2 hover-1 image post-683 portfolio type-portfolio status-publish has-post-thumbnail hentry portfolio_categories-proyectos\" id=\"portfolio-683\">\n\n\t<div class=\"portfolio-loop-item-wrapper\">\n\t\t\n\n\t\t\t\t\t\t<figure class=\"image-thumbnail\">\n\t\t\t\t\t\t\t<a href=\"http:\/\/visiovivendi.eu\/es\/portfolio\/kenza\/\" target=\"_self\" title=\"Kenza\"><img decoding=\"async\"  src=\"http:\/\/visiovivendi.eu\/wp-content\/uploads\/2020\/04\/innovative_projekte.jpg\" alt=\"\" class=\"\" \/><\/a>\n\t\t\t\t\t\t<\/figure>\n\n\t\t\t\t\t\t<div class=\"visible-title-wrapper\">\n\t\t\t\t\t\t\t<h2 class=\"title visible-title\">Kenza<\/h2>\n\t\t\t\t\t\t<\/div>\n\n\t\t\t\t\t\t<div class=\"overlay\">\n\n\t\t\t\t\t\t\t<section class=\"text\">\n\t\t\t\t\t\t\t\t<h2 class=\"title\"><a href=\"http:\/\/visiovivendi.eu\/es\/portfolio\/kenza\/\" target=\"_self\" rel=\"bookmark\">Kenza<\/a><\/h2>\n\t\t\t\t\t\t\t\t<span class=\"terms\"><a href=\"http:\/\/visiovivendi.eu\/es\/categoria-portfolio\/proyectos\/\" rel=\"tag\">Proyectos<\/a><\/span>\n\t\t\t\t\t\t\t\t<p>Nueva promoci\u00f3n en Denia, Comunidad Valenciana. Kenia es la fusi\u00f3n de nuevas tendencias arquitect\u00f3nicas y sosteniblidad, logrando la clase de eficiencia energ\u00e9tica A. Los 85 apartamentos gozan tanto de suelo radiante como de climatizaci\u00f3n. Ofrecen vistas libres a la monta\u00f1a Montgolfiere y se ubican en el linde del casco urbano, donde empiezan los suelos r\u00fasticos con su t\u00edpica vegetaci\u00f3n de c\u00edtricos y almendros. La v\u00eda ciclista \u201ev\u00eda verde\u201c comienza en el linde de la promoci\u00f3n y lleva por la naturaleza mediterr\u00e1nea.<\/p>\t\t\t\n\t\t\t\t\t\t\t<\/section> \t\n\n\t\t\t\t\t\t\t<a class=\"portfolio-link\" href=\"http:\/\/visiovivendi.eu\/es\/portfolio\/kenza\/\" target=\"_self\"><\/a>\n\n\t\t\t\t\t\t<\/div>\n\n\t\t\t\t\t\t<\/div>\n<\/div> \n<!-- \/ portfolio box-->\n<\/div>\n<\/div>\n<\/div>\n\t\t<\/div>\n\t\t\t\t<\/div>\n\t\t\t\t\t\t<\/div>\n\t\t\t\t\t<\/div>\n\t\t<\/div>\n\t\t\t\t\t\t\t\t<\/div>\n\t\t\t\t\t<\/div>\n\t\t<\/section>\n\t\t\t\t<section class=\"elementor-section elementor-top-section elementor-element elementor-element-b77e07a elementor-section-boxed elementor-section-height-default elementor-section-height-default default-style\" data-id=\"b77e07a\" data-element_type=\"section\" data-settings=\"{&quot;rt_color_sets&quot;:&quot;default-style&quot;}\">\n\t\t\t\t\t\t<div class=\"elementor-container elementor-column-gap-default\">\n\t\t\t\t\t\t\t<div class=\"elementor-row\">\n\t\t\t\t\t<div class=\"elementor-column elementor-col-100 elementor-top-column elementor-element elementor-element-75381d8\" data-id=\"75381d8\" data-element_type=\"column\">\n\t\t\t<div class=\"elementor-column-wrap\">\n\t\t\t\t\t\t\t<div class=\"elementor-widget-wrap\">\n\t\t\t\t\t\t\t\t<\/div>\n\t\t\t\t\t<\/div>\n\t\t<\/div>\n\t\t\t\t\t\t\t\t<\/div>\n\t\t\t\t\t<\/div>\n\t\t<\/section>\n\t\t\t\t\t\t\t\t\t<\/div>\n\t\t\t<\/div>\n\t\t\t\t\t<\/div>\n\t\t","protected":false},"excerpt":{"rendered":"<p>Proyectos innovadores Sostenibilidad, espacios abiertos, nuevas soluciones lejos de lo antiguado \u2013 siempre en combinaci\u00f3n con una larga experiencia y alto conocimiento en la construcci\u00f3n. Lofthouse Javea Lofthouse Javea Bauprojekt Das innovativste Projekt von Visio Vivendi heisst \u201eLofthouse Javea\u201c. Wohnen in einer alten, stylisch dekorierten Fabrikhalle? Mit den modernen Annehmlichkeiten zeitgem\u00e4ssen Wohnens? Hier, bei LOFTHOUSE [&hellip;]<\/p>\n","protected":false},"author":1,"featured_media":0,"parent":0,"menu_order":3,"comment_status":"closed","ping_status":"closed","template":"","meta":[],"_links":{"self":[{"href":"http:\/\/visiovivendi.eu\/es\/wp-json\/wp\/v2\/pages\/560"}],"collection":[{"href":"http:\/\/visiovivendi.eu\/es\/wp-json\/wp\/v2\/pages"}],"about":[{"href":"http:\/\/visiovivendi.eu\/es\/wp-json\/wp\/v2\/types\/page"}],"author":[{"embeddable":true,"href":"http:\/\/visiovivendi.eu\/es\/wp-json\/wp\/v2\/users\/1"}],"replies":[{"embeddable":true,"href":"http:\/\/visiovivendi.eu\/es\/wp-json\/wp\/v2\/comments?post=560"}],"version-history":[{"count":5,"href":"http:\/\/visiovivendi.eu\/es\/wp-json\/wp\/v2\/pages\/560\/revisions"}],"predecessor-version":[{"id":692,"href":"http:\/\/visiovivendi.eu\/es\/wp-json\/wp\/v2\/pages\/560\/revisions\/692"}],"wp:attachment":[{"href":"http:\/\/visiovivendi.eu\/es\/wp-json\/wp\/v2\/media?parent=560"}],"curies":[{"name":"wp","href":"https:\/\/api.w.org\/{rel}","templated":true}]}}