{"id":558,"date":"2020-07-08T17:37:50","date_gmt":"2020-07-08T15:37:50","guid":{"rendered":"http:\/\/visiovivendi.eu\/espacios\/"},"modified":"2020-07-17T08:59:26","modified_gmt":"2020-07-17T06:59:26","slug":"espacios","status":"publish","type":"page","link":"http:\/\/visiovivendi.eu\/es\/espacios\/","title":{"rendered":"Espacios"},"content":{"rendered":"\t\t<div data-elementor-type=\"wp-page\" data-elementor-id=\"558\" class=\"elementor elementor-558 elementor-137\">\n\t\t\t\t\t\t<div class=\"elementor-inner\">\n\t\t\t\t<div class=\"elementor-section-wrap\">\n\t\t\t\t\t\t\t\t\t<section class=\"elementor-section elementor-top-section elementor-element elementor-element-3af0c20 elementor-section-full_width rt-el-parallax-background elementor-section-height-default elementor-section-height-default default-style\" data-id=\"3af0c20\" data-element_type=\"section\" data-settings=\"{&quot;background_background&quot;:&quot;classic&quot;,&quot;rt_parallax&quot;:&quot;rt-el-parallax-background&quot;,&quot;shape_divider_top&quot;:&quot;opacity-tilt&quot;,&quot;shape_divider_bottom&quot;:&quot;opacity-tilt&quot;,&quot;animation&quot;:&quot;none&quot;,&quot;rt_color_sets&quot;:&quot;default-style&quot;,&quot;rt_bg_parallax_effect&quot;:&quot;3&quot;,&quot;rt_bg_parallax_speed&quot;:&quot;1&quot;}\">\n\t\t\t\t\t\t\t<div class=\"elementor-background-overlay\"><\/div>\n\t\t\t\t\t\t<div class=\"elementor-shape elementor-shape-top\" data-negative=\"false\">\n\t\t\t<svg xmlns=\"http:\/\/www.w3.org\/2000\/svg\" viewBox=\"0 0 2600 131.1\" preserveAspectRatio=\"none\">\n\t<path class=\"elementor-shape-fill\" d=\"M0 0L2600 0 2600 69.1 0 0z\"\/>\n\t<path class=\"elementor-shape-fill\" style=\"opacity:0.5\" d=\"M0 0L2600 0 2600 69.1 0 69.1z\"\/>\n\t<path class=\"elementor-shape-fill\" style=\"opacity:0.25\" d=\"M2600 0L0 0 0 130.1 2600 69.1z\"\/>\n<\/svg>\t\t<\/div>\n\t\t\t\t<div class=\"elementor-shape elementor-shape-bottom\" data-negative=\"false\">\n\t\t\t<svg xmlns=\"http:\/\/www.w3.org\/2000\/svg\" viewBox=\"0 0 2600 131.1\" preserveAspectRatio=\"none\">\n\t<path class=\"elementor-shape-fill\" d=\"M0 0L2600 0 2600 69.1 0 0z\"\/>\n\t<path class=\"elementor-shape-fill\" style=\"opacity:0.5\" d=\"M0 0L2600 0 2600 69.1 0 69.1z\"\/>\n\t<path class=\"elementor-shape-fill\" style=\"opacity:0.25\" d=\"M2600 0L0 0 0 130.1 2600 69.1z\"\/>\n<\/svg>\t\t<\/div>\n\t\t\t\t\t<div class=\"elementor-container elementor-column-gap-default\">\n\t\t\t\t\t\t\t<div class=\"elementor-row\">\n\t\t\t\t\t<div class=\"elementor-column elementor-col-100 elementor-top-column elementor-element elementor-element-e580579\" data-id=\"e580579\" data-element_type=\"column\">\n\t\t\t<div class=\"elementor-column-wrap elementor-element-populated\">\n\t\t\t\t\t\t\t<div class=\"elementor-widget-wrap\">\n\t\t\t\t\t\t<section class=\"elementor-section elementor-inner-section elementor-element elementor-element-856f9e4 elementor-section-boxed elementor-section-height-default elementor-section-height-default default-style\" data-id=\"856f9e4\" data-element_type=\"section\" data-settings=\"{&quot;rt_color_sets&quot;:&quot;default-style&quot;}\">\n\t\t\t\t\t\t<div class=\"elementor-container elementor-column-gap-default\">\n\t\t\t\t\t\t\t<div class=\"elementor-row\">\n\t\t\t\t\t<div class=\"elementor-column elementor-col-66 elementor-inner-column elementor-element elementor-element-85a410b\" data-id=\"85a410b\" data-element_type=\"column\">\n\t\t\t<div class=\"elementor-column-wrap elementor-element-populated\">\n\t\t\t\t\t\t\t<div class=\"elementor-widget-wrap\">\n\t\t\t\t\t\t<div class=\"elementor-element elementor-element-a845f14 elementor-widget elementor-widget-heading\" data-id=\"a845f14\" data-element_type=\"widget\" data-widget_type=\"heading.default\">\n\t\t\t\t<div class=\"elementor-widget-container\">\n\t\t\t<h1 class=\"elementor-heading-title elementor-size-default\">Nuevos espacios con viejo encanto<\/h1>\t\t<\/div>\n\t\t\t\t<\/div>\n\t\t\t\t<div class=\"elementor-element elementor-element-53a4ae2 elementor-widget elementor-widget-heading\" data-id=\"53a4ae2\" data-element_type=\"widget\" data-widget_type=\"heading.default\">\n\t\t\t\t<div class=\"elementor-widget-container\">\n\t\t\t<h5 class=\"elementor-heading-title elementor-size-default\">Las transformaciones de casas antiguas en espacios contempor\u00e1neos requieren un conocimiento profundo en la construcci\u00f3n y de los materiales a aplicar. <\/h5>\t\t<\/div>\n\t\t\t\t<\/div>\n\t\t\t\t\t\t<\/div>\n\t\t\t\t\t<\/div>\n\t\t<\/div>\n\t\t\t\t<div class=\"elementor-column elementor-col-33 elementor-inner-column elementor-element elementor-element-314e12d\" data-id=\"314e12d\" data-element_type=\"column\">\n\t\t\t<div class=\"elementor-column-wrap\">\n\t\t\t\t\t\t\t<div class=\"elementor-widget-wrap\">\n\t\t\t\t\t\t\t\t<\/div>\n\t\t\t\t\t<\/div>\n\t\t<\/div>\n\t\t\t\t\t\t\t\t<\/div>\n\t\t\t\t\t<\/div>\n\t\t<\/section>\n\t\t\t\t\t\t<\/div>\n\t\t\t\t\t<\/div>\n\t\t<\/div>\n\t\t\t\t\t\t\t\t<\/div>\n\t\t\t\t\t<\/div>\n\t\t<\/section>\n\t\t\t\t<section class=\"elementor-section elementor-top-section elementor-element elementor-element-6754837 elementor-section-boxed elementor-section-height-default elementor-section-height-default default-style\" data-id=\"6754837\" data-element_type=\"section\" data-settings=\"{&quot;rt_color_sets&quot;:&quot;default-style&quot;}\">\n\t\t\t\t\t\t<div class=\"elementor-container elementor-column-gap-default\">\n\t\t\t\t\t\t\t<div class=\"elementor-row\">\n\t\t\t\t\t<div class=\"elementor-column elementor-col-100 elementor-top-column elementor-element elementor-element-08ab443\" data-id=\"08ab443\" data-element_type=\"column\">\n\t\t\t<div class=\"elementor-column-wrap elementor-element-populated\">\n\t\t\t\t\t\t\t<div class=\"elementor-widget-wrap\">\n\t\t\t\t\t\t<div class=\"elementor-element elementor-element-9a1075e elementor-widget elementor-widget-rt-portfolio\" data-id=\"9a1075e\" data-element_type=\"widget\" data-settings=\"{&quot;_animation&quot;:&quot;none&quot;}\" data-widget_type=\"rt-portfolio.default\">\n\t\t\t\t<div class=\"elementor-widget-container\">\n\t\t\t\n<div id=\"portfolio-dynamicID-717945\" class=\"portfolio_list rt-gallery fixed_heights grid-gallery\" data-column-width=\"2\">\n<div class=\"row fixed_heights\">\n<div class=\"col col-12 col-sm-6   portfolio-25\">\n \n\n<!-- portfolio box-->\n<div class=\"loop style-2 hover-1 image post-581 portfolio type-portfolio status-publish has-post-thumbnail hentry portfolio_categories-espacios\" id=\"portfolio-581\">\n\n\t<div class=\"portfolio-loop-item-wrapper\">\n\t\t\n\n\t\t\t\t\t\t<figure class=\"image-thumbnail\">\n\t\t\t\t\t\t\t<a href=\"http:\/\/visiovivendi.eu\/es\/portfolio\/aura-bonita-en-el-casco-antiguo\/\" target=\"_self\" title=\"Aura bonita en el casco antiguo\"><img decoding=\"async\"  src=\"http:\/\/visiovivendi.eu\/wp-content\/uploads\/2020\/05\/calle-mayo-cover.jpg\" alt=\"\" class=\"\" \/><\/a>\n\t\t\t\t\t\t<\/figure>\n\n\t\t\t\t\t\t<div class=\"visible-title-wrapper\">\n\t\t\t\t\t\t\t<h2 class=\"title visible-title\">Aura bonita en el casco antiguo<\/h2>\n\t\t\t\t\t\t<\/div>\n\n\t\t\t\t\t\t<div class=\"overlay\">\n\n\t\t\t\t\t\t\t<section class=\"text\">\n\t\t\t\t\t\t\t\t<h2 class=\"title\"><a href=\"http:\/\/visiovivendi.eu\/es\/portfolio\/aura-bonita-en-el-casco-antiguo\/\" target=\"_self\" rel=\"bookmark\">Aura bonita en el casco antiguo<\/a><\/h2>\n\t\t\t\t\t\t\t\t<span class=\"terms\"><a href=\"http:\/\/visiovivendi.eu\/es\/categoria-portfolio\/espacios\/\" rel=\"tag\">Espacios<\/a><\/span>\n\t\t\t\t\t\t\t\t<p>Esta casa antigua de Denia originalmente serv\u00eda de establo, almac\u00e9n y buhardilla para palomos. No hab\u00eda ni ba\u00f1os ni cocina. El anterior propietario de Valencia fracasaba en el intento de renovarla. Una casa demasiada complicada y vieja. Hasta que los expertos pusimos mano a la obra. Visio Vivendi convirti\u00f3 la casa en una joya de tres plantas. Se crearon espacios abiertos, caso di\u00e1fanos y llenos de luz. La casa est\u00e1 actualmente en venta. <\/p>\t\t\t\n\t\t\t\t\t\t\t<\/section> \t\n\n\t\t\t\t\t\t\t<a class=\"portfolio-link\" href=\"http:\/\/visiovivendi.eu\/es\/portfolio\/aura-bonita-en-el-casco-antiguo\/\" target=\"_self\"><\/a>\n\n\t\t\t\t\t\t<\/div>\n\n\t\t\t\t\t\t<\/div>\n<\/div> \n<!-- \/ portfolio box-->\n<\/div>\n<div class=\"col col-12 col-sm-6   portfolio-25\">\n \n\n<!-- portfolio box-->\n<div class=\"loop style-2 hover-1 image post-583 portfolio type-portfolio status-publish has-post-thumbnail hentry portfolio_categories-espacios\" id=\"portfolio-583\">\n\n\t<div class=\"portfolio-loop-item-wrapper\">\n\t\t\n\n\t\t\t\t\t\t<figure class=\"image-thumbnail\">\n\t\t\t\t\t\t\t<a href=\"http:\/\/visiovivendi.eu\/es\/portfolio\/casa-antigua-en-javea\/\" target=\"_self\" title=\"Casa antigua en J\u00e1vea\"><img decoding=\"async\"  src=\"http:\/\/visiovivendi.eu\/wp-content\/uploads\/2020\/04\/atstadthaus-javea09.jpg\" alt=\"\" class=\"\" \/><\/a>\n\t\t\t\t\t\t<\/figure>\n\n\t\t\t\t\t\t<div class=\"visible-title-wrapper\">\n\t\t\t\t\t\t\t<h2 class=\"title visible-title\">Casa antigua en J\u00e1vea<\/h2>\n\t\t\t\t\t\t<\/div>\n\n\t\t\t\t\t\t<div class=\"overlay\">\n\n\t\t\t\t\t\t\t<section class=\"text\">\n\t\t\t\t\t\t\t\t<h2 class=\"title\"><a href=\"http:\/\/visiovivendi.eu\/es\/portfolio\/casa-antigua-en-javea\/\" target=\"_self\" rel=\"bookmark\">Casa antigua en J\u00e1vea<\/a><\/h2>\n\t\t\t\t\t\t\t\t<span class=\"terms\"><a href=\"http:\/\/visiovivendi.eu\/es\/categoria-portfolio\/espacios\/\" rel=\"tag\">Espacios<\/a><\/span>\n\t\t\t\t\t\t\t\t<p>Un desaf\u00edo especial era la reforma de esta casa antigua en Javea. Le cogimos un cari\u00f1o especial, porque casi a diario nos sorprendi\u00f3 con tesoros descubiertos hasta el momento: Con una pared hecha de tosca por ejemplo o con un espacioso patio (una vez derribado el antiguo establo de cabras). hasta una piscina cab\u00eda al final.<\/p>\t\t\t\n\t\t\t\t\t\t\t<\/section> \t\n\n\t\t\t\t\t\t\t<a class=\"portfolio-link\" href=\"http:\/\/visiovivendi.eu\/es\/portfolio\/casa-antigua-en-javea\/\" target=\"_self\"><\/a>\n\n\t\t\t\t\t\t<\/div>\n\n\t\t\t\t\t\t<\/div>\n<\/div> \n<!-- \/ portfolio box-->\n<\/div>\n<\/div>\n<div class=\"row fixed_heights\">\n<div class=\"col col-12 col-sm-6   portfolio-25\">\n \n\n<!-- portfolio box-->\n<div class=\"loop style-2 hover-1  post-585 portfolio type-portfolio status-publish has-post-thumbnail hentry portfolio_categories-espacios\" id=\"portfolio-585\">\n\n\t<div class=\"portfolio-loop-item-wrapper\">\n\t\t\n\n\t\t\t\t\t\t<figure class=\"image-thumbnail\">\n\t\t\t\t\t\t\t<a href=\"http:\/\/visiovivendi.eu\/es\/portfolio\/casa-de-pescadores-en-denia\/\" target=\"_self\" title=\"Casa de pescadores en D\u00e9nia\"><img decoding=\"async\"  src=\"http:\/\/visiovivendi.eu\/wp-content\/uploads\/2020\/04\/fischerhaus-denia22.jpg\" alt=\"\" class=\"\" \/><\/a>\n\t\t\t\t\t\t<\/figure>\n\n\t\t\t\t\t\t<div class=\"visible-title-wrapper\">\n\t\t\t\t\t\t\t<h2 class=\"title visible-title\">Casa de pescadores en D\u00e9nia<\/h2>\n\t\t\t\t\t\t<\/div>\n\n\t\t\t\t\t\t<div class=\"overlay\">\n\n\t\t\t\t\t\t\t<section class=\"text\">\n\t\t\t\t\t\t\t\t<h2 class=\"title\"><a href=\"http:\/\/visiovivendi.eu\/es\/portfolio\/casa-de-pescadores-en-denia\/\" target=\"_self\" rel=\"bookmark\">Casa de pescadores en D\u00e9nia<\/a><\/h2>\n\t\t\t\t\t\t\t\t<span class=\"terms\"><a href=\"http:\/\/visiovivendi.eu\/es\/categoria-portfolio\/espacios\/\" rel=\"tag\">Espacios<\/a><\/span>\n\t\t\t\t\t\t\t\t<p>Esta casa de pescadores al lado del puerto de Denia se nos present\u00f3 como una casa peque\u00f1a, estrecha, oscura y decida. Ten\u00eda que haber luz y hubo luz. Ten\u00eda que haber espacio y creamos amplitud. La casa oscura y deprimente se convirti\u00f3 en un divertido domicilio vacacional.<\/p>\t\t\t\n\t\t\t\t\t\t\t<\/section> \t\n\n\t\t\t\t\t\t\t<a class=\"portfolio-link\" href=\"http:\/\/visiovivendi.eu\/es\/portfolio\/casa-de-pescadores-en-denia\/\" target=\"_self\"><\/a>\n\n\t\t\t\t\t\t<\/div>\n\n\t\t\t\t\t\t<\/div>\n<\/div> \n<!-- \/ portfolio box-->\n<\/div>\n<\/div>\n<\/div>\n\t\t<\/div>\n\t\t\t\t<\/div>\n\t\t\t\t\t\t<\/div>\n\t\t\t\t\t<\/div>\n\t\t<\/div>\n\t\t\t\t\t\t\t\t<\/div>\n\t\t\t\t\t<\/div>\n\t\t<\/section>\n\t\t\t\t<section class=\"elementor-section elementor-top-section elementor-element elementor-element-b77e07a elementor-section-boxed elementor-section-height-default elementor-section-height-default default-style\" data-id=\"b77e07a\" data-element_type=\"section\" data-settings=\"{&quot;rt_color_sets&quot;:&quot;default-style&quot;}\">\n\t\t\t\t\t\t<div class=\"elementor-container elementor-column-gap-default\">\n\t\t\t\t\t\t\t<div class=\"elementor-row\">\n\t\t\t\t\t<div class=\"elementor-column elementor-col-100 elementor-top-column elementor-element elementor-element-75381d8\" data-id=\"75381d8\" data-element_type=\"column\">\n\t\t\t<div class=\"elementor-column-wrap\">\n\t\t\t\t\t\t\t<div class=\"elementor-widget-wrap\">\n\t\t\t\t\t\t\t\t<\/div>\n\t\t\t\t\t<\/div>\n\t\t<\/div>\n\t\t\t\t\t\t\t\t<\/div>\n\t\t\t\t\t<\/div>\n\t\t<\/section>\n\t\t\t\t\t\t\t\t\t<\/div>\n\t\t\t<\/div>\n\t\t\t\t\t<\/div>\n\t\t","protected":false},"excerpt":{"rendered":"<p>Nuevos espacios con viejo encanto Las transformaciones de casas antiguas en espacios contempor\u00e1neos requieren un conocimiento profundo en la construcci\u00f3n y de los materiales a aplicar. Urbanes Altstadtflair Urbanes Altstadtflair Lebensr\u00e4ume An der Renovierung dieses Altstadthauses in Denia, das einst lediglich als Stall, Lagerhaus und Taubenschlag genutzt worden war, also nicht einmal eine K\u00fcche oder [&hellip;]<\/p>\n","protected":false},"author":1,"featured_media":0,"parent":0,"menu_order":2,"comment_status":"closed","ping_status":"closed","template":"","meta":[],"_links":{"self":[{"href":"http:\/\/visiovivendi.eu\/es\/wp-json\/wp\/v2\/pages\/558"}],"collection":[{"href":"http:\/\/visiovivendi.eu\/es\/wp-json\/wp\/v2\/pages"}],"about":[{"href":"http:\/\/visiovivendi.eu\/es\/wp-json\/wp\/v2\/types\/page"}],"author":[{"embeddable":true,"href":"http:\/\/visiovivendi.eu\/es\/wp-json\/wp\/v2\/users\/1"}],"replies":[{"embeddable":true,"href":"http:\/\/visiovivendi.eu\/es\/wp-json\/wp\/v2\/comments?post=558"}],"version-history":[{"count":9,"href":"http:\/\/visiovivendi.eu\/es\/wp-json\/wp\/v2\/pages\/558\/revisions"}],"predecessor-version":[{"id":680,"href":"http:\/\/visiovivendi.eu\/es\/wp-json\/wp\/v2\/pages\/558\/revisions\/680"}],"wp:attachment":[{"href":"http:\/\/visiovivendi.eu\/es\/wp-json\/wp\/v2\/media?parent=558"}],"curies":[{"name":"wp","href":"https:\/\/api.w.org\/{rel}","templated":true}]}}